{"id":70,"date":"2020-09-20T16:45:22","date_gmt":"2020-09-20T14:45:22","guid":{"rendered":"http:\/\/filejunkie.de\/wp\/?page_id=70"},"modified":"2020-09-23T19:43:53","modified_gmt":"2020-09-23T17:43:53","slug":"herzlich-willkommen","status":"publish","type":"page","link":"https:\/\/filejunkie.de\/wp\/","title":{"rendered":"Herzlich Willkommen!"},"content":{"rendered":"\n<p>Liebe Familie und Freunde,<br>Wir freuen uns riesig das ihr diese Reise auf euch nimmt und mit uns nach Irland reist, um eine unvergessliche Hochzeit zu feiern.<\/p>\n\n\n\n<p>Hier findet ihr alle Infos rund um die Anreise und Informationen vor Ort, damit ihr es so leicht wie m\u00f6glich habt.<\/p>\n\n\n\n<p>F\u00fcr Fragen stehen wir jederzeit zur Verf\u00fcgung.<\/p>\n\n\n\n<p>Hier wird dann auch der Tagesablauf f\u00fcr den Hochzeitstag zu finden sein, sobald genaueres bekannt ist.<\/p>\n","protected":false},"excerpt":{"rendered":"<p>Liebe Familie und Freunde,Wir freuen uns riesig das ihr diese Reise auf euch nimmt und mit uns nach Irland reist, um eine unvergessliche Hochzeit zu feiern. Hier findet ihr alle Infos rund um die Anreise und Informationen vor Ort, damit ihr es so leicht wie m\u00f6glich habt. F\u00fcr Fragen stehen wir jederzeit zur Verf\u00fcgung. Hier [&hellip;]<\/p>\n","protected":false},"author":1,"featured_media":0,"parent":0,"menu_order":0,"comment_status":"closed","ping_status":"closed","template":"","meta":{"gt_page_layout":"","gt_hide_page_title":false,"gt_remove_bottom_margin":false},"_links":{"self":[{"href":"https:\/\/filejunkie.de\/wp\/index.php?rest_route=\/wp\/v2\/pages\/70"}],"collection":[{"href":"https:\/\/filejunkie.de\/wp\/index.php?rest_route=\/wp\/v2\/pages"}],"about":[{"href":"https:\/\/filejunkie.de\/wp\/index.php?rest_route=\/wp\/v2\/types\/page"}],"author":[{"embeddable":true,"href":"https:\/\/filejunkie.de\/wp\/index.php?rest_route=\/wp\/v2\/users\/1"}],"replies":[{"embeddable":true,"href":"https:\/\/filejunkie.de\/wp\/index.php?rest_route=%2Fwp%2Fv2%2Fcomments&post=70"}],"version-history":[{"count":8,"href":"https:\/\/filejunkie.de\/wp\/index.php?rest_route=\/wp\/v2\/pages\/70\/revisions"}],"predecessor-version":[{"id":227,"href":"https:\/\/filejunkie.de\/wp\/index.php?rest_route=\/wp\/v2\/pages\/70\/revisions\/227"}],"wp:attachment":[{"href":"https:\/\/filejunkie.de\/wp\/index.php?rest_route=%2Fwp%2Fv2%2Fmedia&parent=70"}],"curies":[{"name":"wp","href":"https:\/\/api.w.org\/{rel}","templated":true}]}}